{"id":2372,"date":"2024-09-03T11:30:11","date_gmt":"2024-09-03T11:30:11","guid":{"rendered":"http:\/\/motors.loc\/motors-starter\/?page_id=2372"},"modified":"2025-01-15T11:50:47","modified_gmt":"2025-01-15T09:50:47","slug":"pricing-plans","status":"publish","type":"page","link":"https:\/\/toplinecars.lv\/en\/pricing-plans\/","title":{"rendered":"Pricing Plans"},"content":{"rendered":"<div data-elementor-type=\"wp-page\" data-elementor-id=\"2372\" class=\"elementor elementor-2372\" data-elementor-post-type=\"page\">\n\t\t\t\t<div class=\"elementor-element elementor-element-742fbd9 e-flex e-con-boxed e-con e-parent\" data-id=\"742fbd9\" data-element_type=\"container\" data-e-type=\"container\">\n\t\t\t\t\t<div class=\"e-con-inner\">\n\t\t\t\t<div class=\"elementor-element elementor-element-ae37185 elementor-hidden-tablet elementor-hidden-mobile elementor-widget elementor-widget-spacer\" data-id=\"ae37185\" data-element_type=\"widget\" data-e-type=\"widget\" data-widget_type=\"spacer.default\">\n\t\t\t\t<div class=\"elementor-widget-container\">\n\t\t\t\t\t\t\t<div class=\"elementor-spacer\">\n\t\t\t<div class=\"elementor-spacer-inner\"><\/div>\n\t\t<\/div>\n\t\t\t\t\t\t<\/div>\n\t\t\t\t<\/div>\n\t\t\t\t\t<\/div>\n\t\t\t\t<\/div>\n\t\t<div class=\"elementor-element elementor-element-2ebeacc e-grid e-con-boxed e-con e-parent\" data-id=\"2ebeacc\" data-element_type=\"container\" data-e-type=\"container\">\n\t\t\t\t\t<div class=\"e-con-inner\">\n\t\t\t\t<div class=\"elementor-element elementor-element-f403b99 elementor-widget elementor-widget-heading\" data-id=\"f403b99\" data-element_type=\"widget\" data-e-type=\"widget\" data-widget_type=\"heading.default\">\n\t\t\t\t<div class=\"elementor-widget-container\">\n\t\t\t\t\t<h2 class=\"elementor-heading-title elementor-size-default\">Why choose us?<\/h2>\t\t\t\t<\/div>\n\t\t\t\t<\/div>\n\t\t\t\t<div class=\"elementor-element elementor-element-6ee9277 elementor-widget elementor-widget-heading\" data-id=\"6ee9277\" data-element_type=\"widget\" data-e-type=\"widget\" data-widget_type=\"heading.default\">\n\t\t\t\t<div class=\"elementor-widget-container\">\n\t\t\t\t\t<h3 class=\"elementor-heading-title elementor-size-default\">Buy a car with us - Financial Solutions, Loan and Convenient Repayment Planning!<\/h3>\t\t\t\t<\/div>\n\t\t\t\t<\/div>\n\t\t\t\t\t<\/div>\n\t\t\t\t<\/div>\n\t\t<div class=\"elementor-element elementor-element-88d4f31 e-flex e-con-boxed e-con e-parent\" data-id=\"88d4f31\" data-element_type=\"container\" data-e-type=\"container\">\n\t\t\t\t\t<div class=\"e-con-inner\">\n\t\t\t\t<div class=\"elementor-element elementor-element-1893d55 elementor-invisible elementor-widget elementor-widget-image\" data-id=\"1893d55\" data-element_type=\"widget\" data-e-type=\"widget\" data-settings=\"{&quot;_animation&quot;:&quot;fadeInLeft&quot;}\" data-widget_type=\"image.default\">\n\t\t\t\t<div class=\"elementor-widget-container\">\n\t\t\t\t\t\t\t\t\t\t\t\t\t\t\t<img fetchpriority=\"high\" decoding=\"async\" width=\"800\" height=\"303\" src=\"https:\/\/toplinecars.lv\/wp-content\/uploads\/2024\/11\/virtus-chrome-mofa-1.webp\" class=\"attachment-large size-large wp-image-3254\" alt=\"\" srcset=\"https:\/\/toplinecars.lv\/wp-content\/uploads\/2024\/11\/virtus-chrome-mofa-1.webp 800w, https:\/\/toplinecars.lv\/wp-content\/uploads\/2024\/11\/virtus-chrome-mofa-1-300x114.webp 300w, https:\/\/toplinecars.lv\/wp-content\/uploads\/2024\/11\/virtus-chrome-mofa-1-768x291.webp 768w, https:\/\/toplinecars.lv\/wp-content\/uploads\/2024\/11\/virtus-chrome-mofa-1-18x7.webp 18w\" sizes=\"(max-width: 800px) 100vw, 800px\" \/>\t\t\t\t\t\t\t\t\t\t\t\t\t\t\t<\/div>\n\t\t\t\t<\/div>\n\t\t\t\t\t<\/div>\n\t\t\t\t<\/div>\n\t\t\t\t<\/div>","protected":false},"excerpt":{"rendered":"<p>K\u0101p\u0113c izv\u0113l\u0113ties m\u016bs? Ieg\u0101d\u0101jieties automobili pie mums &#8211; Finan\u0161u Risin\u0101jumi, Kred\u012bts un \u0112rta Atmaksas Pl\u0101no\u0161ana!<\/p>","protected":false},"author":1,"featured_media":0,"parent":0,"menu_order":0,"comment_status":"closed","ping_status":"closed","template":"elementor_header_footer","meta":{"footnotes":""},"class_list":["post-2372","page","type-page","status-publish","hentry"],"_links":{"self":[{"href":"https:\/\/toplinecars.lv\/en\/wp-json\/wp\/v2\/pages\/2372","targetHints":{"allow":["GET"]}}],"collection":[{"href":"https:\/\/toplinecars.lv\/en\/wp-json\/wp\/v2\/pages"}],"about":[{"href":"https:\/\/toplinecars.lv\/en\/wp-json\/wp\/v2\/types\/page"}],"author":[{"embeddable":true,"href":"https:\/\/toplinecars.lv\/en\/wp-json\/wp\/v2\/users\/1"}],"replies":[{"embeddable":true,"href":"https:\/\/toplinecars.lv\/en\/wp-json\/wp\/v2\/comments?post=2372"}],"version-history":[{"count":93,"href":"https:\/\/toplinecars.lv\/en\/wp-json\/wp\/v2\/pages\/2372\/revisions"}],"predecessor-version":[{"id":6002,"href":"https:\/\/toplinecars.lv\/en\/wp-json\/wp\/v2\/pages\/2372\/revisions\/6002"}],"wp:attachment":[{"href":"https:\/\/toplinecars.lv\/en\/wp-json\/wp\/v2\/media?parent=2372"}],"curies":[{"name":"wp","href":"https:\/\/api.w.org\/{rel}","templated":true}]}}